{"id":16718,"date":"2025-05-28T14:11:34","date_gmt":"2025-05-28T14:11:34","guid":{"rendered":"https:\/\/arborchinese.ca\/contactez-nous-2\/"},"modified":"2025-05-28T18:51:51","modified_gmt":"2025-05-28T18:51:51","slug":"contactez-nous","status":"publish","type":"page","link":"https:\/\/arborchinese.ca\/fr\/contactez-nous\/","title":{"rendered":"Contactez-nous"},"content":{"rendered":"\t\t<div data-elementor-type=\"wp-page\" data-elementor-id=\"16718\" class=\"elementor elementor-16718 elementor-16593\" data-elementor-post-type=\"page\">\n\t\t\t\t\t\t<section class=\"elementor-section elementor-top-section elementor-element elementor-element-9beab22 elementor-section-full_width elementor-section-stretched sc_layouts_row sc_layouts_row_type_narrow elementor-section-height-default elementor-section-height-default sc_fly_static\" data-id=\"9beab22\" data-element_type=\"section\" data-e-type=\"section\" data-settings=\"{&quot;stretch_section&quot;:&quot;section-stretched&quot;}\">\n\t\t\t\t\t\t<div class=\"elementor-container elementor-column-gap-no\">\n\t\t\t\t\t<div class=\"elementor-column elementor-col-100 elementor-top-column elementor-element elementor-element-3a7136a sc_inner_width_none sc_content_align_inherit sc_layouts_column_icons_position_left sc_fly_static\" data-id=\"3a7136a\" data-element_type=\"column\" data-e-type=\"column\">\n\t\t\t<div class=\"elementor-widget-wrap elementor-element-populated\">\n\t\t\t\t\t\t<div class=\"elementor-element elementor-element-9b679c7 sc_fly_static elementor-widget elementor-widget-image\" data-id=\"9b679c7\" data-element_type=\"widget\" data-e-type=\"widget\" data-widget_type=\"image.default\">\n\t\t\t\t<div class=\"elementor-widget-container\">\n\t\t\t\t\t\t\t\t\t\t\t\t\t\t\t<img fetchpriority=\"high\" decoding=\"async\" width=\"1920\" height=\"700\" src=\"https:\/\/arborchinese.ca\/wp-content\/uploads\/2022\/02\/ContactpageHeader_1920x700.jpg\" class=\"attachment-full size-full wp-image-2339\" alt=\"\" srcset=\"https:\/\/arborchinese.ca\/wp-content\/uploads\/2022\/02\/ContactpageHeader_1920x700.jpg 1920w, https:\/\/arborchinese.ca\/wp-content\/uploads\/2022\/02\/ContactpageHeader_1920x700-300x109.jpg 300w, https:\/\/arborchinese.ca\/wp-content\/uploads\/2022\/02\/ContactpageHeader_1920x700-1024x373.jpg 1024w, https:\/\/arborchinese.ca\/wp-content\/uploads\/2022\/02\/ContactpageHeader_1920x700-768x280.jpg 768w, https:\/\/arborchinese.ca\/wp-content\/uploads\/2022\/02\/ContactpageHeader_1920x700-1536x560.jpg 1536w, https:\/\/arborchinese.ca\/wp-content\/uploads\/2022\/02\/ContactpageHeader_1920x700-370x135.jpg 370w, https:\/\/arborchinese.ca\/wp-content\/uploads\/2022\/02\/ContactpageHeader_1920x700-840x306.jpg 840w, https:\/\/arborchinese.ca\/wp-content\/uploads\/2022\/02\/ContactpageHeader_1920x700-410x149.jpg 410w\" sizes=\"(max-width: 1920px) 100vw, 1920px\" \/>\t\t\t\t\t\t\t\t\t\t\t\t\t\t\t<\/div>\n\t\t\t\t<\/div>\n\t\t\t\t\t<\/div>\n\t\t<\/div>\n\t\t\t\t\t<\/div>\n\t\t<\/section>\n\t\t\t\t<section class=\"elementor-section elementor-top-section elementor-element elementor-element-315c587 elementor-section-boxed elementor-section-height-default elementor-section-height-default sc_fly_static\" data-id=\"315c587\" data-element_type=\"section\" data-e-type=\"section\">\n\t\t\t\t\t\t<div class=\"elementor-container elementor-column-gap-extended\">\n\t\t\t\t\t<div class=\"elementor-column elementor-col-100 elementor-top-column elementor-element elementor-element-4a53ff1 sc_inner_width_none sc_content_align_inherit sc_layouts_column_icons_position_left sc_fly_static\" data-id=\"4a53ff1\" data-element_type=\"column\" data-e-type=\"column\">\n\t\t\t<div class=\"elementor-widget-wrap\">\n\t\t\t\t\t\t\t<\/div>\n\t\t<\/div>\n\t\t\t\t\t<\/div>\n\t\t<\/section>\n\t\t\t\t<section class=\"elementor-section elementor-top-section elementor-element elementor-element-ca8e9a3 elementor-section-height-min-height elementor-section-items-stretch elementor-section-boxed elementor-section-height-default sc_fly_static\" data-id=\"ca8e9a3\" data-element_type=\"section\" data-e-type=\"section\" data-settings=\"{&quot;background_background&quot;:&quot;classic&quot;}\">\n\t\t\t\t\t\t<div class=\"elementor-container elementor-column-gap-extended\">\n\t\t\t\t\t<div class=\"elementor-column elementor-col-50 elementor-top-column elementor-element elementor-element-f7aea69 sc_inner_width_none sc_content_align_inherit sc_layouts_column_icons_position_left sc_fly_static\" data-id=\"f7aea69\" data-element_type=\"column\" data-e-type=\"column\" data-settings=\"{&quot;background_background&quot;:&quot;classic&quot;}\">\n\t\t\t<div class=\"elementor-widget-wrap elementor-element-populated\">\n\t\t\t\t\t\t<div class=\"elementor-element elementor-element-fe1c078 sc_fly_static elementor-widget elementor-widget-heading\" data-id=\"fe1c078\" data-element_type=\"widget\" data-e-type=\"widget\" data-widget_type=\"heading.default\">\n\t\t\t\t<div class=\"elementor-widget-container\">\n\t\t\t\t\t<h1 class=\"elementor-heading-title elementor-size-large\"><span>Entrer en contact<\/span><\/h1>\t\t\t\t<\/div>\n\t\t\t\t<\/div>\n\t\t\t\t<div class=\"elementor-element elementor-element-3897a46 sc_fly_static elementor-widget elementor-widget-spacer\" data-id=\"3897a46\" data-element_type=\"widget\" data-e-type=\"widget\" data-widget_type=\"spacer.default\">\n\t\t\t\t<div class=\"elementor-widget-container\">\n\t\t\t\t\t\t\t<div class=\"elementor-spacer\">\n\t\t\t<div class=\"elementor-spacer-inner\"><\/div>\n\t\t<\/div>\n\t\t\t\t\t\t<\/div>\n\t\t\t\t<\/div>\n\t\t\t\t<div class=\"elementor-element elementor-element-27733bc sc_fly_static elementor-widget elementor-widget-text-editor\" data-id=\"27733bc\" data-element_type=\"widget\" data-e-type=\"widget\" data-widget_type=\"text-editor.default\">\n\t\t\t\t<div class=\"elementor-widget-container\">\n\t\t\t\t\t\t\t\t\t<p style=\"line-height: inherit; margin-bottom: 1.57em;\">Veuillez remplir ce formulaire pour nous contacter avec une demande ou une demande. Notre personnel vous r\u00e9pondra dans les plus brefs d\u00e9lais. Si vous pr\u00e9f\u00e9rez nous joindre par t\u00e9l\u00e9phone, veuillez choisir une succursale \u00e0 partir de la page des succursales.<\/p>\n\t\t\t\t\t\t\t\t<\/div>\n\t\t\t\t<\/div>\n\t\t\t\t\t<\/div>\n\t\t<\/div>\n\t\t\t\t<div class=\"elementor-column elementor-col-50 elementor-top-column elementor-element elementor-element-b5e2db5 sc_content_align_right sc_inner_width_none sc_layouts_column_icons_position_left sc_fly_static\" data-id=\"b5e2db5\" data-element_type=\"column\" data-e-type=\"column\" data-settings=\"{&quot;background_background&quot;:&quot;classic&quot;}\">\n\t\t\t<div class=\"elementor-widget-wrap elementor-element-populated\">\n\t\t\t\t\t\t<div class=\"elementor-element elementor-element-a5cefe6 sc_fly_static elementor-widget elementor-widget-html\" data-id=\"a5cefe6\" data-element_type=\"widget\" data-e-type=\"widget\" data-widget_type=\"html.default\">\n\t\t\t\t<div class=\"elementor-widget-container\">\n\t\t\t\t\t<script src=\"\/\/\/\/marketopages.arbormemorial.ca\/js\/forms2\/js\/forms2.min.js\"><\/script> <form id=\"mktoForm_2100\"><\/form> <script>MktoForms2.loadForm(\"\/\/marketopages.arbormemorial.ca\", \"426-USK-560\", 2100);<\/script>\t\t\t\t<\/div>\n\t\t\t\t<\/div>\n\t\t\t\t\t<\/div>\n\t\t<\/div>\n\t\t\t\t\t<\/div>\n\t\t<\/section>\n\t\t\t\t<\/div>\n\t\t","protected":false},"excerpt":{"rendered":"<p>Entrer en contact Veuillez remplir ce formulaire pour nous contacter avec une demande ou une demande. Notre personnel vous r\u00e9pondra dans les plus brefs d\u00e9lais. Si vous pr\u00e9f\u00e9rez nous joindre&hellip;<\/p>\n","protected":false},"author":4,"featured_media":0,"parent":0,"menu_order":0,"comment_status":"closed","ping_status":"closed","template":"elementor_header_footer","meta":{"footnotes":""},"class_list":["post-16718","page","type-page","status-publish","hentry"],"_links":{"self":[{"href":"https:\/\/arborchinese.ca\/fr\/wp-json\/wp\/v2\/pages\/16718","targetHints":{"allow":["GET"]}}],"collection":[{"href":"https:\/\/arborchinese.ca\/fr\/wp-json\/wp\/v2\/pages"}],"about":[{"href":"https:\/\/arborchinese.ca\/fr\/wp-json\/wp\/v2\/types\/page"}],"author":[{"embeddable":true,"href":"https:\/\/arborchinese.ca\/fr\/wp-json\/wp\/v2\/users\/4"}],"replies":[{"embeddable":true,"href":"https:\/\/arborchinese.ca\/fr\/wp-json\/wp\/v2\/comments?post=16718"}],"version-history":[{"count":4,"href":"https:\/\/arborchinese.ca\/fr\/wp-json\/wp\/v2\/pages\/16718\/revisions"}],"predecessor-version":[{"id":16734,"href":"https:\/\/arborchinese.ca\/fr\/wp-json\/wp\/v2\/pages\/16718\/revisions\/16734"}],"wp:attachment":[{"href":"https:\/\/arborchinese.ca\/fr\/wp-json\/wp\/v2\/media?parent=16718"}],"curies":[{"name":"wp","href":"https:\/\/api.w.org\/{rel}","templated":true}]}}